{"id":11,"date":"2021-08-17T20:52:16","date_gmt":"2021-08-17T20:52:16","guid":{"rendered":"https:\/\/sonnenschein-wohnen.de\/?page_id=11"},"modified":"2023-03-04T02:15:21","modified_gmt":"2023-03-04T02:15:21","slug":"home","status":"publish","type":"page","link":"https:\/\/sonnenschein-wohnen.de\/","title":{"rendered":"Home"},"content":{"rendered":"\n<p class=\"has-text-align-center\"><strong>Zimmervermietung \/ Kurz\u00fcbernachtungen \/ <\/strong><br>mehrt\u00e4gige Workshops u.a.mit essbaren Wildpflanzen, Lebensberatung, Coaching<\/p>\n\n\n<div class=\"wp-block-image\">\n<figure class=\"alignright size-large is-resized\"><img loading=\"lazy\" decoding=\"async\" src=\"https:\/\/sonnenschein-wohnen.de\/wp-content\/uploads\/2021\/12\/Home-1024x545.jpg\" alt=\"\" class=\"wp-image-155\" width=\"448\" height=\"233\"\/><\/figure>\n<\/div>\n\n\n<p><br>Wer nach einem turbulenten Berlinbesuch, eher Ruhe und Erholung sucht ist hier richtig. <\/p>\n\n\n\n<p>Ich biete, in gr\u00fcner Stadtlage am Stadtrand von Hohensch\u00f6nhausen in gem\u00fctlich, eingerichteten R\u00e4umen im Obergeschoss meines Einfamilienhauses \u00dcbernachtungsm\u00f6glichkeiten.<\/p>\n\n\n\n<p>Seit ca.12 Jahren nutzen G\u00e4ste aus dem In und Ausland dieses Angebot. Sie kamen bisher aus Holland, Italien, Frankreich, Amerika, Kanada, Russland,T\u00fcrkei, China, Pakistan und Mongolei\u2026<\/p>\n\n\n\n<p>Sie alle sch\u00e4tzten, besonders die ger\u00e4umigen Wohnbedingungen, Entspannungsm\u00f6glichkeiten in der gr\u00fcnen Gartenoase vor Ort, das Angebot von Gespr\u00e4chen, touristischen Empfehlungen bei Bedarf und vor allem die Speisen Vielfalt mit frischen Zutaten aus aus eigenem Anbau und mit Wildpflanzen.<\/p>\n\n\n\n<p>Ab 2023 geh\u00f6ren auf Anfrage f\u00fcr bestimmte Interessengruppen mehrt\u00e4gige Workshops mit Wildpflanzen, Pflanzenexkursionen, Kochkurse, Beratungen zur naturnahen Gartengestaltung dazu.<\/p>\n\n\n\n<p>Trotz Randlage von Berlin, bestehen auch gute Anbindungen mit dem \u00f6ffentlichen Nahverkehr in die Innenstadt. So sind neben den Lernangeboten, Erholungsm\u00f6glichkeiten vor Ort, auch Erkundungen von touristischen Einrichtungen in der Innenstadt gegeben.<\/p>\n\n\n\n<p class=\"has-text-align-center\"><br><strong>Room rental \/ short overnight stays \/ temporary living<br>for those seeking relaxation, commuters, fitters and students<\/strong><\/p>\n\n\n\n<p><br>Those who are looking for rest and relaxation after a turbulent visit to Berlin is right here. In a green city location on the outskirts of Hohensch\u00f6nhausen, I offer accommodation in cozy, furnished rooms on the upper floor of my family house.<\/p>\n\n\n\n<p>Guests from home and abroad have been using this offer for around 12 years. So far they have come from Holland, Italy, France, America, Canada, Russia, Turkey, China, Pakistan and Mongolia \u2026<\/p>\n\n\n\n<p>They all appreciated, especially the spacious living conditions, opportunities to relax in the green garden oasis on site, the range of talks, tourist recommendations if required and, above all, the variety of dishes with fresh ingredients from their own cultivation.<\/p>\n\n\n\n<p>Despite being on the outskirts of Berlin, there are good connections to the city center by public transport. In addition to the recreational opportunities, there is also the opportunity to explore tourist facilities in the city center.<\/p>\n","protected":false},"excerpt":{"rendered":"<p>Zimmervermietung \/ Kurz\u00fcbernachtungen \/ mehrt\u00e4gige Workshops u.a.mit essbaren Wildpflanzen, Lebensberatung, Coaching Wer nach einem turbulenten Berlinbesuch, eher Ruhe und Erholung sucht ist hier richtig. Ich biete, in gr\u00fcner Stadtlage am Stadtrand von Hohensch\u00f6nhausen in gem\u00fctlich, eingerichteten R\u00e4umen im Obergeschoss meines Einfamilienhauses \u00dcbernachtungsm\u00f6glichkeiten. Seit ca.12 Jahren nutzen G\u00e4ste aus dem In<a class=\"read-more\" href=\"https:\/\/sonnenschein-wohnen.de\/\"> ( more&#8230; )<\/a><\/p>\n","protected":false},"author":1,"featured_media":0,"parent":0,"menu_order":0,"comment_status":"closed","ping_status":"closed","template":"","meta":{"footnotes":""},"class_list":["post-11","page","type-page","status-publish","hentry"],"_links":{"self":[{"href":"https:\/\/sonnenschein-wohnen.de\/index.php?rest_route=\/wp\/v2\/pages\/11","targetHints":{"allow":["GET"]}}],"collection":[{"href":"https:\/\/sonnenschein-wohnen.de\/index.php?rest_route=\/wp\/v2\/pages"}],"about":[{"href":"https:\/\/sonnenschein-wohnen.de\/index.php?rest_route=\/wp\/v2\/types\/page"}],"author":[{"embeddable":true,"href":"https:\/\/sonnenschein-wohnen.de\/index.php?rest_route=\/wp\/v2\/users\/1"}],"replies":[{"embeddable":true,"href":"https:\/\/sonnenschein-wohnen.de\/index.php?rest_route=%2Fwp%2Fv2%2Fcomments&post=11"}],"version-history":[{"count":10,"href":"https:\/\/sonnenschein-wohnen.de\/index.php?rest_route=\/wp\/v2\/pages\/11\/revisions"}],"predecessor-version":[{"id":193,"href":"https:\/\/sonnenschein-wohnen.de\/index.php?rest_route=\/wp\/v2\/pages\/11\/revisions\/193"}],"wp:attachment":[{"href":"https:\/\/sonnenschein-wohnen.de\/index.php?rest_route=%2Fwp%2Fv2%2Fmedia&parent=11"}],"curies":[{"name":"wp","href":"https:\/\/api.w.org\/{rel}","templated":true}]}}