{"id":112,"date":"2021-08-29T15:31:09","date_gmt":"2021-08-29T15:31:09","guid":{"rendered":"https:\/\/sonnenschein-wohnen.de\/?page_id=112"},"modified":"2025-03-19T20:19:50","modified_gmt":"2025-03-19T20:19:50","slug":"konditionen","status":"publish","type":"page","link":"https:\/\/sonnenschein-wohnen.de\/?page_id=112","title":{"rendered":"Konditionen"},"content":{"rendered":"\n<p>Konditionen ab 2025 f\u00fcr Einzel-bzw. Langzeit\u00fcbernachtungen<\/p>\n\n\n\n<ol class=\"wp-block-list\">\n<li>Preis f\u00fcr eine Person und Bett ab zwei N\u00e4chten 45,00 Euro pro Nacht<\/li>\n\n\n\n<li>mit Fr\u00fchst\u00fcck 55,00 Euro<\/li>\n\n\n\n<li>mit HP (warmes Abendessen) 70,00 Euro<\/li>\n\n\n\n<li>Wohnen auf Zeit als WG m\u00f6glich und erw\u00fcnscht, wenn das Miteinander stimmt<\/li>\n\n\n\n<li>Es wird eine angemessene orts\u00fcbliche Monatsmiete und Kaution erhoben<\/li>\n<\/ol>\n\n\n\n<ul class=\"wp-block-list\">\n<li>Hinweis zum Fr\u00fchst\u00fcck :&nbsp;<\/li>\n<\/ul>\n\n\n\n<ul class=\"wp-block-list\">\n<li>Das Fr\u00fchst\u00fcck rechtzeitig vor Anreise mit buchen.<\/li>\n\n\n\n<li>Auf Wunsch finden \u00d6koprodukte aus eigenem Anbau, wie z.B. Obst, Gem\u00fcse,&nbsp;<\/li>\n\n\n\n<li>selbst gebackenes Brot und Konfit\u00fcren Verwendung<\/li>\n<\/ul>\n\n\n\n<p>Eigenversorgung in kleinem Rahmen  m\u00f6glich.&nbsp;<\/p>\n\n\n\n<p>Geschirr, Wasserkocher, Kaffeemaschine, Mikrowelle, Minibackofen, K\u00fchlschrank sind vorhanden. &nbsp;<\/p>\n\n\n\n<p>Internetanschluss, G\u00e4stenetz -Zugang vorhanden<\/p>\n\n\n\n<p><strong>Zusatzangebote<\/strong><\/p>\n\n\n\n<ul class=\"wp-block-list\">\n<li><strong>Workshops zur gesunden Ern\u00e4hrung (Saisonbedingt)&nbsp;zu folgenden Themen m\u00f6glich:&nbsp;<\/strong><\/li>\n\n\n\n<li>vergessene Kr\u00e4utersch\u00e4tze,<\/li>\n\n\n\n<li>Gem\u00fcsebrote auf einfache Art backen<\/li>\n\n\n\n<li>K\u00fcrbis rund und gesund<\/li>\n\n\n\n<li>Coachinggespr\u00e4che bei Lebensplanungen und in Krisensituationen&nbsp;<\/li>\n\n\n\n<li>Preise richten sich nach Zeit und Materialaufwand<\/li>\n<\/ul>\n\n\n\n<p><strong>Buchungen:&nbsp;<\/strong><\/p>\n\n\n\n<p><strong>per Mail oder Telefon<\/strong><\/p>\n\n\n\n<ul class=\"wp-block-list\">\n<li>werktags von 8.00 bis 10.00 Uhr und nach 17.00 bis 22.00 Uhr<\/li>\n\n\n\n<li>am Wochenende ohne Zeitbeschr\u00e4nkung&nbsp;<\/li>\n\n\n\n<li>Ein Anrufbeantworter nimmt ihre W\u00fcnsche entgegen, ich rufe gern zur\u00fcck<\/li>\n<\/ul>\n\n\n\n<p><strong>Die Buchungsbest\u00e4tigung&nbsp;<\/strong><\/p>\n\n\n\n<p><strong>erhalten Sie nach erfolgter Anzahlung von ca. 20 %des Reisepreises.<\/strong><\/p>\n\n\n\n<p><strong>Restzahlungen&nbsp;bitte in bar, m\u00f6glichst passend am Anreisetag entrichten.<\/strong><\/p>\n\n\n\n<p><strong>Im gesamten Haus gilt striktes Rauchverbot!&nbsp;<\/strong><\/p>\n\n\n\n<p><\/p>\n\n\n\n<figure class=\"wp-block-gallery has-nested-images columns-2 is-cropped wp-block-gallery-1 is-layout-flex wp-block-gallery-is-layout-flex\">\n<figure class=\"wp-block-image size-large\"><img loading=\"lazy\" decoding=\"async\" width=\"977\" height=\"876\" data-id=\"113\" src=\"https:\/\/sonnenschein-wohnen.de\/wp-content\/uploads\/2021\/08\/681e4289-45f0-441d-944e-c9229de40cc9-3-1.jpg\" alt=\"\" class=\"wp-image-113\" srcset=\"https:\/\/sonnenschein-wohnen.de\/wp-content\/uploads\/2021\/08\/681e4289-45f0-441d-944e-c9229de40cc9-3-1.jpg 977w, https:\/\/sonnenschein-wohnen.de\/wp-content\/uploads\/2021\/08\/681e4289-45f0-441d-944e-c9229de40cc9-3-1-300x269.jpg 300w, https:\/\/sonnenschein-wohnen.de\/wp-content\/uploads\/2021\/08\/681e4289-45f0-441d-944e-c9229de40cc9-3-1-768x689.jpg 768w\" sizes=\"auto, (max-width: 977px) 100vw, 977px\" \/><figcaption class=\"wp-element-caption\">Gesunde Ern\u00e4hrung, abwechslungsreich und frisch aus dem Garten<\/figcaption><\/figure>\n\n\n\n<figure class=\"wp-block-image size-large\"><img loading=\"lazy\" decoding=\"async\" width=\"1024\" height=\"714\" data-id=\"114\" src=\"https:\/\/sonnenschein-wohnen.de\/wp-content\/uploads\/2021\/08\/IMG_2272-2-1024x714.jpeg\" alt=\"\" class=\"wp-image-114\" srcset=\"https:\/\/sonnenschein-wohnen.de\/wp-content\/uploads\/2021\/08\/IMG_2272-2-1024x714.jpeg 1024w, https:\/\/sonnenschein-wohnen.de\/wp-content\/uploads\/2021\/08\/IMG_2272-2-300x209.jpeg 300w, https:\/\/sonnenschein-wohnen.de\/wp-content\/uploads\/2021\/08\/IMG_2272-2-768x535.jpeg 768w, https:\/\/sonnenschein-wohnen.de\/wp-content\/uploads\/2021\/08\/IMG_2272-2.jpeg 1280w\" sizes=\"auto, (max-width: 1024px) 100vw, 1024px\" \/><figcaption class=\"wp-element-caption\">Fr\u00fchst\u00fccksplatte f\u00fcr vier Personen<\/figcaption><\/figure>\n\n\n\n<figure class=\"wp-block-image size-large\"><img loading=\"lazy\" decoding=\"async\" width=\"871\" height=\"1024\" data-id=\"115\" src=\"https:\/\/sonnenschein-wohnen.de\/wp-content\/uploads\/2021\/08\/IMG_3351-871x1024.jpeg\" alt=\"\" class=\"wp-image-115\" srcset=\"https:\/\/sonnenschein-wohnen.de\/wp-content\/uploads\/2021\/08\/IMG_3351-871x1024.jpeg 871w, https:\/\/sonnenschein-wohnen.de\/wp-content\/uploads\/2021\/08\/IMG_3351-255x300.jpeg 255w, https:\/\/sonnenschein-wohnen.de\/wp-content\/uploads\/2021\/08\/IMG_3351-768x903.jpeg 768w, https:\/\/sonnenschein-wohnen.de\/wp-content\/uploads\/2021\/08\/IMG_3351.jpeg 960w\" sizes=\"auto, (max-width: 871px) 100vw, 871px\" \/><\/figure>\n\n\n\n<figure class=\"wp-block-image size-large\"><img loading=\"lazy\" decoding=\"async\" width=\"1024\" height=\"768\" data-id=\"116\" src=\"https:\/\/sonnenschein-wohnen.de\/wp-content\/uploads\/2021\/08\/IMG_3359-1024x768.jpeg\" alt=\"\" class=\"wp-image-116\" srcset=\"https:\/\/sonnenschein-wohnen.de\/wp-content\/uploads\/2021\/08\/IMG_3359-1024x768.jpeg 1024w, https:\/\/sonnenschein-wohnen.de\/wp-content\/uploads\/2021\/08\/IMG_3359-300x225.jpeg 300w, https:\/\/sonnenschein-wohnen.de\/wp-content\/uploads\/2021\/08\/IMG_3359-768x576.jpeg 768w, https:\/\/sonnenschein-wohnen.de\/wp-content\/uploads\/2021\/08\/IMG_3359.jpeg 1280w\" sizes=\"auto, (max-width: 1024px) 100vw, 1024px\" \/><figcaption class=\"wp-element-caption\">Fr\u00fchst\u00fccksplatte f\u00fcr zwei Personen<\/figcaption><\/figure>\n<\/figure>\n\n\n\n<p><\/p>\n","protected":false},"excerpt":{"rendered":"<p>Konditionen ab 2025 f\u00fcr Einzel-bzw. Langzeit\u00fcbernachtungen Eigenversorgung in kleinem Rahmen m\u00f6glich.&nbsp; Geschirr, Wasserkocher, Kaffeemaschine, Mikrowelle, Minibackofen, K\u00fchlschrank sind vorhanden. &nbsp; Internetanschluss, G\u00e4stenetz -Zugang vorhanden Zusatzangebote Buchungen:&nbsp; per Mail oder Telefon Die Buchungsbest\u00e4tigung&nbsp; erhalten Sie nach erfolgter Anzahlung von ca. 20 %des Reisepreises. Restzahlungen&nbsp;bitte in bar, m\u00f6glichst passend am Anreisetag entrichten.<a class=\"read-more\" href=\"https:\/\/sonnenschein-wohnen.de\/?page_id=112\"> ( more&#8230; )<\/a><\/p>\n","protected":false},"author":1,"featured_media":0,"parent":0,"menu_order":0,"comment_status":"closed","ping_status":"closed","template":"","meta":{"footnotes":""},"class_list":["post-112","page","type-page","status-publish","hentry"],"_links":{"self":[{"href":"https:\/\/sonnenschein-wohnen.de\/index.php?rest_route=\/wp\/v2\/pages\/112","targetHints":{"allow":["GET"]}}],"collection":[{"href":"https:\/\/sonnenschein-wohnen.de\/index.php?rest_route=\/wp\/v2\/pages"}],"about":[{"href":"https:\/\/sonnenschein-wohnen.de\/index.php?rest_route=\/wp\/v2\/types\/page"}],"author":[{"embeddable":true,"href":"https:\/\/sonnenschein-wohnen.de\/index.php?rest_route=\/wp\/v2\/users\/1"}],"replies":[{"embeddable":true,"href":"https:\/\/sonnenschein-wohnen.de\/index.php?rest_route=%2Fwp%2Fv2%2Fcomments&post=112"}],"version-history":[{"count":7,"href":"https:\/\/sonnenschein-wohnen.de\/index.php?rest_route=\/wp\/v2\/pages\/112\/revisions"}],"predecessor-version":[{"id":197,"href":"https:\/\/sonnenschein-wohnen.de\/index.php?rest_route=\/wp\/v2\/pages\/112\/revisions\/197"}],"wp:attachment":[{"href":"https:\/\/sonnenschein-wohnen.de\/index.php?rest_route=%2Fwp%2Fv2%2Fmedia&parent=112"}],"curies":[{"name":"wp","href":"https:\/\/api.w.org\/{rel}","templated":true}]}}