{"id":40,"date":"2021-08-29T12:37:39","date_gmt":"2021-08-29T12:37:39","guid":{"rendered":"https:\/\/sonnenschein-wohnen.de\/?page_id=40"},"modified":"2021-12-30T09:40:39","modified_gmt":"2021-12-30T09:40:39","slug":"lage","status":"publish","type":"page","link":"https:\/\/sonnenschein-wohnen.de\/?page_id=40","title":{"rendered":"Lage"},"content":{"rendered":"\n<p><strong>Regionale Lage &nbsp;<\/strong><\/p>\n\n\n\n<p>Das Wohnobjekt befindet sich am nord\u00f6stlichen Stadtrand im Bezirk Lichtenberg, Ortsteil Hohensch\u00f6nhausen \/ Siedlung Wartenberg, mitten in einem Landschaftspark. Ausgedehnte Spazierg\u00e4nge auf befestigten Wegen, Radtouren in die Umgebung von Brandenburg bieten M\u00f6glichkeiten einer aktiven Erholung. Das gr\u00f6\u00dfte Tierheim Europas ist fussl\u00e4ufig erreichbar. Empfehlenswert der Rundgang mit Erl\u00e4uterungen der Tierheim Mitarbeiter.<\/p>\n\n\n\n<p><strong>Location &nbsp;<\/strong><\/p>\n\n\n\n<p>The residential property is located on the northeastern outskirts in the Lichtenberg district, Hohensch\u00f6nhausen \/ Wartenberg settlement, in the middle of a landscape park. Long walks on paved paths and bike tours in the Brandenburg area offer opportunities for active recreation. The largest animal shelter in Europe is within walking distance. The tour with explanations by the animal shelter staff is recommended.<\/p>\n\n\n\n<h2 class=\"wp-block-heading\">Verkehrsanbindung<\/h2>\n\n\n\n<p>zum Alexanderplatz: 25 bis 35 Minuten<\/p>\n\n\n\n<p>zum Potsdamer Platz: 30 bis 40 Minuten<\/p>\n\n\n\n<p>\u00f6ffentlicher Nahverkehr: Bus, SBahn, Tram, P+R-Parkplatz an der SBahn<\/p>\n\n\n\n<h2 class=\"wp-block-heading\">Einkaufsm\u00f6glichkeiten in unmittelbarer N\u00e4he<\/h2>\n\n\n\n<p>Aldi, Lidl, Netto, Real, Rewe Einkaufszentrum (Lindencenter)<\/p>\n\n\n\n<p><a rel=\"noreferrer noopener\" href=\"http:\/\/www.cinemotion-kino.de\/index.php?id=_berlin\" data-type=\"URL\" data-id=\"http:\/\/www.cinemotion-kino.de\/index.php?id=_berlin\" target=\"_blank\">CineMotion<\/a><\/p>\n\n\n\n<h2 class=\"wp-block-heading\">Regionale Lage<\/h2>\n\n\n\n<figure class=\"wp-block-gallery columns-2 wp-block-gallery-1 is-layout-flex wp-block-gallery-is-layout-flex\"><ul class=\"blocks-gallery-grid\"><li class=\"blocks-gallery-item\"><figure><img loading=\"lazy\" decoding=\"async\" width=\"768\" height=\"1024\" src=\"https:\/\/sonnenschein-wohnen.de\/wp-content\/uploads\/2021\/08\/lage1-768x1024.jpeg\" alt=\"\" data-id=\"41\" data-full-url=\"https:\/\/sonnenschein-wohnen.de\/wp-content\/uploads\/2021\/08\/lage1-rotated.jpeg\" data-link=\"https:\/\/sonnenschein-wohnen.de\/?attachment_id=41\" class=\"wp-image-41\" srcset=\"https:\/\/sonnenschein-wohnen.de\/wp-content\/uploads\/2021\/08\/lage1-768x1024.jpeg 768w, https:\/\/sonnenschein-wohnen.de\/wp-content\/uploads\/2021\/08\/lage1-225x300.jpeg 225w, https:\/\/sonnenschein-wohnen.de\/wp-content\/uploads\/2021\/08\/lage1-rotated.jpeg 960w\" sizes=\"auto, (max-width: 768px) 100vw, 768px\" \/><\/figure><\/li><li class=\"blocks-gallery-item\"><figure><img loading=\"lazy\" decoding=\"async\" width=\"768\" height=\"1024\" src=\"https:\/\/sonnenschein-wohnen.de\/wp-content\/uploads\/2021\/08\/lage2-768x1024.jpeg\" alt=\"\" data-id=\"42\" data-full-url=\"https:\/\/sonnenschein-wohnen.de\/wp-content\/uploads\/2021\/08\/lage2-rotated.jpeg\" data-link=\"https:\/\/sonnenschein-wohnen.de\/?attachment_id=42\" class=\"wp-image-42\" srcset=\"https:\/\/sonnenschein-wohnen.de\/wp-content\/uploads\/2021\/08\/lage2-768x1024.jpeg 768w, https:\/\/sonnenschein-wohnen.de\/wp-content\/uploads\/2021\/08\/lage2-225x300.jpeg 225w, https:\/\/sonnenschein-wohnen.de\/wp-content\/uploads\/2021\/08\/lage2-rotated.jpeg 960w\" sizes=\"auto, (max-width: 768px) 100vw, 768px\" \/><\/figure><\/li><li class=\"blocks-gallery-item\"><figure><img loading=\"lazy\" decoding=\"async\" width=\"768\" height=\"1024\" src=\"https:\/\/sonnenschein-wohnen.de\/wp-content\/uploads\/2021\/08\/lage3-768x1024.jpeg\" alt=\"\" data-id=\"43\" data-full-url=\"https:\/\/sonnenschein-wohnen.de\/wp-content\/uploads\/2021\/08\/lage3-rotated.jpeg\" data-link=\"https:\/\/sonnenschein-wohnen.de\/?attachment_id=43\" class=\"wp-image-43\" srcset=\"https:\/\/sonnenschein-wohnen.de\/wp-content\/uploads\/2021\/08\/lage3-768x1024.jpeg 768w, https:\/\/sonnenschein-wohnen.de\/wp-content\/uploads\/2021\/08\/lage3-225x300.jpeg 225w, https:\/\/sonnenschein-wohnen.de\/wp-content\/uploads\/2021\/08\/lage3-rotated.jpeg 960w\" sizes=\"auto, (max-width: 768px) 100vw, 768px\" \/><\/figure><\/li><li class=\"blocks-gallery-item\"><figure><img loading=\"lazy\" decoding=\"async\" width=\"1024\" height=\"768\" src=\"https:\/\/sonnenschein-wohnen.de\/wp-content\/uploads\/2021\/08\/lage4-1024x768.jpeg\" alt=\"\" data-id=\"44\" data-full-url=\"https:\/\/sonnenschein-wohnen.de\/wp-content\/uploads\/2021\/08\/lage4.jpeg\" data-link=\"https:\/\/sonnenschein-wohnen.de\/?attachment_id=44\" class=\"wp-image-44\" srcset=\"https:\/\/sonnenschein-wohnen.de\/wp-content\/uploads\/2021\/08\/lage4-1024x768.jpeg 1024w, https:\/\/sonnenschein-wohnen.de\/wp-content\/uploads\/2021\/08\/lage4-300x225.jpeg 300w, https:\/\/sonnenschein-wohnen.de\/wp-content\/uploads\/2021\/08\/lage4-768x576.jpeg 768w, https:\/\/sonnenschein-wohnen.de\/wp-content\/uploads\/2021\/08\/lage4.jpeg 1280w\" sizes=\"auto, (max-width: 1024px) 100vw, 1024px\" \/><\/figure><\/li><\/ul><\/figure>\n","protected":false},"excerpt":{"rendered":"<p>Regionale Lage &nbsp; Das Wohnobjekt befindet sich am nord\u00f6stlichen Stadtrand im Bezirk Lichtenberg, Ortsteil Hohensch\u00f6nhausen \/ Siedlung Wartenberg, mitten in einem Landschaftspark. Ausgedehnte Spazierg\u00e4nge auf befestigten Wegen, Radtouren in die Umgebung von Brandenburg bieten M\u00f6glichkeiten einer aktiven Erholung. Das gr\u00f6\u00dfte Tierheim Europas ist fussl\u00e4ufig erreichbar. Empfehlenswert der Rundgang mit Erl\u00e4uterungen<a class=\"read-more\" href=\"https:\/\/sonnenschein-wohnen.de\/?page_id=40\"> ( more&#8230; )<\/a><\/p>\n","protected":false},"author":1,"featured_media":0,"parent":0,"menu_order":0,"comment_status":"closed","ping_status":"closed","template":"","meta":{"footnotes":""},"class_list":["post-40","page","type-page","status-publish","hentry"],"_links":{"self":[{"href":"https:\/\/sonnenschein-wohnen.de\/index.php?rest_route=\/wp\/v2\/pages\/40","targetHints":{"allow":["GET"]}}],"collection":[{"href":"https:\/\/sonnenschein-wohnen.de\/index.php?rest_route=\/wp\/v2\/pages"}],"about":[{"href":"https:\/\/sonnenschein-wohnen.de\/index.php?rest_route=\/wp\/v2\/types\/page"}],"author":[{"embeddable":true,"href":"https:\/\/sonnenschein-wohnen.de\/index.php?rest_route=\/wp\/v2\/users\/1"}],"replies":[{"embeddable":true,"href":"https:\/\/sonnenschein-wohnen.de\/index.php?rest_route=%2Fwp%2Fv2%2Fcomments&post=40"}],"version-history":[{"count":6,"href":"https:\/\/sonnenschein-wohnen.de\/index.php?rest_route=\/wp\/v2\/pages\/40\/revisions"}],"predecessor-version":[{"id":162,"href":"https:\/\/sonnenschein-wohnen.de\/index.php?rest_route=\/wp\/v2\/pages\/40\/revisions\/162"}],"wp:attachment":[{"href":"https:\/\/sonnenschein-wohnen.de\/index.php?rest_route=%2Fwp%2Fv2%2Fmedia&parent=40"}],"curies":[{"name":"wp","href":"https:\/\/api.w.org\/{rel}","templated":true}]}}