{"id":66,"date":"2021-08-29T12:59:44","date_gmt":"2021-08-29T12:59:44","guid":{"rendered":"https:\/\/sonnenschein-wohnen.de\/?page_id=66"},"modified":"2021-08-29T13:00:08","modified_gmt":"2021-08-29T13:00:08","slug":"zusatzangebote","status":"publish","type":"page","link":"https:\/\/sonnenschein-wohnen.de\/?page_id=66","title":{"rendered":"Zusatzangebote"},"content":{"rendered":"\n<h4 class=\"wp-block-heading\"><strong>Vergessene Kr\u00e4utersch\u00e4tze zum Kochen und Kurieren<\/strong>&nbsp;<\/h4>\n\n\n\n<p>Entdecken sie die traditionelle Kunst des W\u00fcrzens neu. Im \u00d6kogarten der Siedlung Wartenberg, wachsen auf engsten Raum zahlreiche, teilweise unbekannte Wild- und Kulturkr\u00e4uter. Kr\u00e4uter egal ob als w\u00fcrziger Gaumenschmaus oder als, &#8220;gewachsene Arznei&#8221; verwendet- verwandeln jede K\u00fcche in einen Ort unersch\u00f6pflicher Kreativit\u00e4t und in ein Experimentierfeld f\u00fcr begeisterte Kr\u00e4uterfans. Ihre Wirkung und Verwendungsm\u00f6glichkeiten stehen im Mittelpunkt des Seminars. So kann man u.a. erfahren, wie aus Beinwell, ein leckerer Brotaufstrich und W\u00fcrzpasten entstehen. Verschiedene Minzarten werden erl\u00e4utert, L\u00f6wenzahnhonig und Holunderbl\u00fctensirup in ihrer Herstellung vorgestellt. Einfache schnelle Rezeptvorschl\u00e4ge unterbreitet und nat\u00fcrlich auch verkostet. Sie erhalten Anregungen zum Anlegen eines Kr\u00e4uterbeetes und bei Interesse f\u00fcr ein geringes Entgelt, die n\u00f6tigen Pflanzen im Topf dazu.&nbsp;<\/p>\n\n\n\n<h4 class=\"wp-block-heading\"><strong>Nat\u00fcrlich gesund durch K\u00fcrbis<\/strong><\/h4>\n\n\n\n<p>Herkunft, Geschichte, K\u00fcrbissorten, Rezepte und Tipps zum Anbau dieser gr\u00f6\u00dften Beere der Welt stehen im Mittelpunkt dieser Veranstaltung. Gewachsen sind die K\u00fcrbisse in der Siedlung Wartenberg, Vielf\u00e4ltig in Form und Farbe werden diese Fr\u00fcchte im einzelnen vorgestellt und ihr Verwendungszweck erl\u00e4utert. Gegen ein geringes Entgelt findet im Anschluss der Veranstaltung eine Verkostung statt. Fr\u00fcchte k\u00f6nnen vor Ort k\u00e4uflich erworben werden. Die kulinarische Wiederentdeckung dieser Gem\u00fcsesorte wird ihren Speiseplan bereichern und tr\u00e4gt zur gesunden Ern\u00e4hrung bei.<\/p>\n\n\n\n<h4 class=\"wp-block-heading\"><strong>Gem\u00fcsebrote auf einfache Weise selbst gebacken<\/strong><\/h4>\n\n\n\n<p>Es gibt viele M\u00f6glichkeiten ein Brot zu backen. Reich ist das Angebot an Getreidesorten und Mehlmischungen. Ein Brot was bek\u00f6mmlich ist und satt macht und dazu l\u00e4nger frisch h\u00e4lt ist Gem\u00fcsebrot. Ob mit K\u00fcrbis, Zucchini, Kartoffeln, M\u00f6hren oder \u00c4pfeln gebacken, es schmeckt in allen Varianten gut. Wie man dieses Brot b\u00e4ckt wird vor Ort in einfachen Schritten erl\u00e4utert und es kann nat\u00fcrlich auch verkostet werden.<\/p>\n\n\n\n<figure class=\"wp-block-gallery columns-3 is-cropped wp-block-gallery-1 is-layout-flex wp-block-gallery-is-layout-flex\"><ul class=\"blocks-gallery-grid\"><li class=\"blocks-gallery-item\"><figure><img loading=\"lazy\" decoding=\"async\" width=\"1024\" height=\"966\" src=\"https:\/\/sonnenschein-wohnen.de\/wp-content\/uploads\/2021\/08\/681e4289-45f0-441d-944e-c9229de40cc9-3.jpg\" alt=\"\" data-id=\"67\" data-link=\"https:\/\/sonnenschein-wohnen.de\/?attachment_id=67\" class=\"wp-image-67\" srcset=\"https:\/\/sonnenschein-wohnen.de\/wp-content\/uploads\/2021\/08\/681e4289-45f0-441d-944e-c9229de40cc9-3.jpg 1024w, https:\/\/sonnenschein-wohnen.de\/wp-content\/uploads\/2021\/08\/681e4289-45f0-441d-944e-c9229de40cc9-3-300x283.jpg 300w, https:\/\/sonnenschein-wohnen.de\/wp-content\/uploads\/2021\/08\/681e4289-45f0-441d-944e-c9229de40cc9-3-768x725.jpg 768w\" sizes=\"auto, (max-width: 1024px) 100vw, 1024px\" \/><\/figure><\/li><li class=\"blocks-gallery-item\"><figure><img loading=\"lazy\" decoding=\"async\" width=\"1024\" height=\"768\" src=\"https:\/\/sonnenschein-wohnen.de\/wp-content\/uploads\/2021\/08\/7265f7c4-1154-436e-950a-73bf84e42ecd-1024x768.jpg\" alt=\"\" data-id=\"68\" data-link=\"https:\/\/sonnenschein-wohnen.de\/?attachment_id=68\" class=\"wp-image-68\" srcset=\"https:\/\/sonnenschein-wohnen.de\/wp-content\/uploads\/2021\/08\/7265f7c4-1154-436e-950a-73bf84e42ecd-1024x768.jpg 1024w, https:\/\/sonnenschein-wohnen.de\/wp-content\/uploads\/2021\/08\/7265f7c4-1154-436e-950a-73bf84e42ecd-300x225.jpg 300w, https:\/\/sonnenschein-wohnen.de\/wp-content\/uploads\/2021\/08\/7265f7c4-1154-436e-950a-73bf84e42ecd-768x576.jpg 768w, https:\/\/sonnenschein-wohnen.de\/wp-content\/uploads\/2021\/08\/7265f7c4-1154-436e-950a-73bf84e42ecd-1536x1152.jpg 1536w, https:\/\/sonnenschein-wohnen.de\/wp-content\/uploads\/2021\/08\/7265f7c4-1154-436e-950a-73bf84e42ecd.jpg 1600w\" sizes=\"auto, (max-width: 1024px) 100vw, 1024px\" \/><\/figure><\/li><li class=\"blocks-gallery-item\"><figure><img loading=\"lazy\" decoding=\"async\" width=\"1024\" height=\"768\" src=\"https:\/\/sonnenschein-wohnen.de\/wp-content\/uploads\/2021\/08\/43400084-1024x768.jpg\" alt=\"\" data-id=\"69\" data-link=\"https:\/\/sonnenschein-wohnen.de\/?attachment_id=69\" class=\"wp-image-69\" srcset=\"https:\/\/sonnenschein-wohnen.de\/wp-content\/uploads\/2021\/08\/43400084-1024x768.jpg 1024w, https:\/\/sonnenschein-wohnen.de\/wp-content\/uploads\/2021\/08\/43400084-300x225.jpg 300w, https:\/\/sonnenschein-wohnen.de\/wp-content\/uploads\/2021\/08\/43400084-768x576.jpg 768w, https:\/\/sonnenschein-wohnen.de\/wp-content\/uploads\/2021\/08\/43400084-1536x1152.jpg 1536w, https:\/\/sonnenschein-wohnen.de\/wp-content\/uploads\/2021\/08\/43400084-2048x1536.jpg 2048w\" sizes=\"auto, (max-width: 1024px) 100vw, 1024px\" \/><\/figure><\/li><li class=\"blocks-gallery-item\"><figure><img loading=\"lazy\" decoding=\"async\" width=\"768\" height=\"1024\" src=\"https:\/\/sonnenschein-wohnen.de\/wp-content\/uploads\/2021\/08\/IMG_4451_smaller-768x1024.jpeg\" alt=\"\" data-id=\"70\" data-link=\"https:\/\/sonnenschein-wohnen.de\/?attachment_id=70\" class=\"wp-image-70\" srcset=\"https:\/\/sonnenschein-wohnen.de\/wp-content\/uploads\/2021\/08\/IMG_4451_smaller-768x1024.jpeg 768w, https:\/\/sonnenschein-wohnen.de\/wp-content\/uploads\/2021\/08\/IMG_4451_smaller-225x300.jpeg 225w, https:\/\/sonnenschein-wohnen.de\/wp-content\/uploads\/2021\/08\/IMG_4451_smaller.jpeg 1024w\" sizes=\"auto, (max-width: 768px) 100vw, 768px\" \/><\/figure><\/li><li class=\"blocks-gallery-item\"><figure><img loading=\"lazy\" decoding=\"async\" width=\"1024\" height=\"768\" src=\"https:\/\/sonnenschein-wohnen.de\/wp-content\/uploads\/2021\/08\/IMG_4660-2_smaller-1024x768.jpg\" alt=\"\" data-id=\"71\" data-link=\"https:\/\/sonnenschein-wohnen.de\/?attachment_id=71\" class=\"wp-image-71\" srcset=\"https:\/\/sonnenschein-wohnen.de\/wp-content\/uploads\/2021\/08\/IMG_4660-2_smaller-1024x768.jpg 1024w, https:\/\/sonnenschein-wohnen.de\/wp-content\/uploads\/2021\/08\/IMG_4660-2_smaller-300x225.jpg 300w, https:\/\/sonnenschein-wohnen.de\/wp-content\/uploads\/2021\/08\/IMG_4660-2_smaller-768x576.jpg 768w, https:\/\/sonnenschein-wohnen.de\/wp-content\/uploads\/2021\/08\/IMG_4660-2_smaller-1536x1152.jpg 1536w, https:\/\/sonnenschein-wohnen.de\/wp-content\/uploads\/2021\/08\/IMG_4660-2_smaller-2048x1536.jpg 2048w\" sizes=\"auto, (max-width: 1024px) 100vw, 1024px\" \/><\/figure><\/li><li class=\"blocks-gallery-item\"><figure><img loading=\"lazy\" decoding=\"async\" width=\"888\" height=\"1024\" src=\"https:\/\/sonnenschein-wohnen.de\/wp-content\/uploads\/2021\/08\/IMG_3336-2_smaller-888x1024.jpeg\" alt=\"\" data-id=\"72\" data-full-url=\"https:\/\/sonnenschein-wohnen.de\/wp-content\/uploads\/2021\/08\/IMG_3336-2_smaller.jpeg\" data-link=\"https:\/\/sonnenschein-wohnen.de\/?attachment_id=72\" class=\"wp-image-72\" srcset=\"https:\/\/sonnenschein-wohnen.de\/wp-content\/uploads\/2021\/08\/IMG_3336-2_smaller-888x1024.jpeg 888w, https:\/\/sonnenschein-wohnen.de\/wp-content\/uploads\/2021\/08\/IMG_3336-2_smaller-260x300.jpeg 260w, https:\/\/sonnenschein-wohnen.de\/wp-content\/uploads\/2021\/08\/IMG_3336-2_smaller-768x885.jpeg 768w, https:\/\/sonnenschein-wohnen.de\/wp-content\/uploads\/2021\/08\/IMG_3336-2_smaller-1333x1536.jpeg 1333w, https:\/\/sonnenschein-wohnen.de\/wp-content\/uploads\/2021\/08\/IMG_3336-2_smaller-1777x2048.jpeg 1777w, https:\/\/sonnenschein-wohnen.de\/wp-content\/uploads\/2021\/08\/IMG_3336-2_smaller.jpeg 2024w\" sizes=\"auto, (max-width: 888px) 100vw, 888px\" \/><\/figure><\/li><\/ul><\/figure>\n","protected":false},"excerpt":{"rendered":"<p>Vergessene Kr\u00e4utersch\u00e4tze zum Kochen und Kurieren&nbsp; Entdecken sie die traditionelle Kunst des W\u00fcrzens neu. Im \u00d6kogarten der Siedlung Wartenberg, wachsen auf engsten Raum zahlreiche, teilweise unbekannte Wild- und Kulturkr\u00e4uter. Kr\u00e4uter egal ob als w\u00fcrziger Gaumenschmaus oder als, &#8220;gewachsene Arznei&#8221; verwendet- verwandeln jede K\u00fcche in einen Ort unersch\u00f6pflicher Kreativit\u00e4t und in<a class=\"read-more\" href=\"https:\/\/sonnenschein-wohnen.de\/?page_id=66\"> ( more&#8230; )<\/a><\/p>\n","protected":false},"author":1,"featured_media":0,"parent":0,"menu_order":0,"comment_status":"closed","ping_status":"closed","template":"","meta":{"footnotes":""},"class_list":["post-66","page","type-page","status-publish","hentry"],"_links":{"self":[{"href":"https:\/\/sonnenschein-wohnen.de\/index.php?rest_route=\/wp\/v2\/pages\/66","targetHints":{"allow":["GET"]}}],"collection":[{"href":"https:\/\/sonnenschein-wohnen.de\/index.php?rest_route=\/wp\/v2\/pages"}],"about":[{"href":"https:\/\/sonnenschein-wohnen.de\/index.php?rest_route=\/wp\/v2\/types\/page"}],"author":[{"embeddable":true,"href":"https:\/\/sonnenschein-wohnen.de\/index.php?rest_route=\/wp\/v2\/users\/1"}],"replies":[{"embeddable":true,"href":"https:\/\/sonnenschein-wohnen.de\/index.php?rest_route=%2Fwp%2Fv2%2Fcomments&post=66"}],"version-history":[{"count":2,"href":"https:\/\/sonnenschein-wohnen.de\/index.php?rest_route=\/wp\/v2\/pages\/66\/revisions"}],"predecessor-version":[{"id":75,"href":"https:\/\/sonnenschein-wohnen.de\/index.php?rest_route=\/wp\/v2\/pages\/66\/revisions\/75"}],"wp:attachment":[{"href":"https:\/\/sonnenschein-wohnen.de\/index.php?rest_route=%2Fwp%2Fv2%2Fmedia&parent=66"}],"curies":[{"name":"wp","href":"https:\/\/api.w.org\/{rel}","templated":true}]}}