{"id":76,"date":"2021-08-29T14:16:46","date_gmt":"2021-08-29T14:16:46","guid":{"rendered":"https:\/\/sonnenschein-wohnen.de\/?page_id=76"},"modified":"2021-12-02T20:01:19","modified_gmt":"2021-12-02T20:01:19","slug":"vorstellung","status":"publish","type":"page","link":"https:\/\/sonnenschein-wohnen.de\/?page_id=76","title":{"rendered":"Vorstellung"},"content":{"rendered":"\n<p>Ich m\u00f6chte mich mit wenigen S\u00e4tzen vorstellen und erkl\u00e4ren, worum es mir mit meiner Zimmervermietung geht. <\/p>\n\n\n\n<p>Ich habe ein abgeschlossenes Hochschulstudium in Kunst und Geschichte und die Mehrzahl meiner Arbeitsjahre als Lehrerin im Fach Lebenskunde Sch\u00fcler unterrichtet. Ich bin Mutter von drei eigenen und zwei Pflegekindern die in meinem Haushalt lebten. Meine gro\u00dfe Liebe geh\u00f6rt auch der Natur. Ich war langj\u00e4hrig auf parlamentarischen Gebiet aktiv und habe zahlreiche Projekte und Initiativen auf \u00f6kologischem Gebiet betreut und unterst\u00fctzt. Ich lege Wert auf einen achtsamen, Ressourcen schonenden Lebensstil und Umgang. Ich biete neben der Unterkunft vor Ort auf Wunsch Gespr\u00e4che, Workshops zur gesunden Ern\u00e4hrung und nachhaltigen Lebensweise an.<\/p>\n\n\n\n<p>Zwei Zimmer im Obergeschoss meines Hauses vermiete ich einzeln, je nach Personenanzahl und Bedarf. Wohnen auf Zeit f\u00fcr Berufspendler, aber auch Kurzzeit\u00fcbernachtungen sind m\u00f6glich. Im ganzen Haus gilt in allen Bereichen Rauchverbot.<\/p>\n\n\n\n<p><br>I would like to introduce myself and explain in a few sentences what my room rental is about.<\/p>\n\n\n\n<p>I have a university degree in art and history and have been teaching life studies to students for the majority of my working years. I am the mother of three of my own and two foster children who lived in my household. My great love also belongs to nature. I have been active in parliament for many years and have supervised and supported numerous projects and initiatives in the ecological field. I value a mindful, ressource-saving lifestyle and interaction. In addition to on-site accommodation, I also offer conversations, workshops on healthy eating and sustainable lifestyles upon request. <\/p>\n\n\n\n<p>I rent two rooms on the upper floor of my house individually, depending on the number of people and needs. Temporary living for commuters, but also short-term overnight stays are possible. Smoking is prohibited in all areas throughout the house.<\/p>\n\n\n\n<figure class=\"wp-block-gallery columns-3 is-cropped wp-block-gallery-1 is-layout-flex wp-block-gallery-is-layout-flex\"><ul class=\"blocks-gallery-grid\"><li class=\"blocks-gallery-item\"><figure><img loading=\"lazy\" decoding=\"async\" width=\"1024\" height=\"768\" src=\"https:\/\/sonnenschein-wohnen.de\/wp-content\/uploads\/2021\/08\/43405379-1024x768.jpeg\" alt=\"\" data-id=\"77\" data-full-url=\"https:\/\/sonnenschein-wohnen.de\/wp-content\/uploads\/2021\/08\/43405379.jpeg\" data-link=\"https:\/\/sonnenschein-wohnen.de\/?attachment_id=77\" class=\"wp-image-77\" srcset=\"https:\/\/sonnenschein-wohnen.de\/wp-content\/uploads\/2021\/08\/43405379-1024x768.jpeg 1024w, https:\/\/sonnenschein-wohnen.de\/wp-content\/uploads\/2021\/08\/43405379-300x225.jpeg 300w, https:\/\/sonnenschein-wohnen.de\/wp-content\/uploads\/2021\/08\/43405379-768x576.jpeg 768w, https:\/\/sonnenschein-wohnen.de\/wp-content\/uploads\/2021\/08\/43405379.jpeg 1280w\" sizes=\"auto, (max-width: 1024px) 100vw, 1024px\" \/><\/figure><\/li><li class=\"blocks-gallery-item\"><figure><img loading=\"lazy\" decoding=\"async\" width=\"769\" height=\"1024\" src=\"https:\/\/sonnenschein-wohnen.de\/wp-content\/uploads\/2021\/08\/IMG_3440-769x1024.jpeg\" alt=\"\" data-id=\"78\" data-full-url=\"https:\/\/sonnenschein-wohnen.de\/wp-content\/uploads\/2021\/08\/IMG_3440.jpeg\" data-link=\"https:\/\/sonnenschein-wohnen.de\/?attachment_id=78\" class=\"wp-image-78\" srcset=\"https:\/\/sonnenschein-wohnen.de\/wp-content\/uploads\/2021\/08\/IMG_3440-769x1024.jpeg 769w, https:\/\/sonnenschein-wohnen.de\/wp-content\/uploads\/2021\/08\/IMG_3440-225x300.jpeg 225w, https:\/\/sonnenschein-wohnen.de\/wp-content\/uploads\/2021\/08\/IMG_3440-768x1022.jpeg 768w, https:\/\/sonnenschein-wohnen.de\/wp-content\/uploads\/2021\/08\/IMG_3440.jpeg 960w\" sizes=\"auto, (max-width: 769px) 100vw, 769px\" \/><\/figure><\/li><li class=\"blocks-gallery-item\"><figure><img loading=\"lazy\" decoding=\"async\" width=\"1024\" height=\"768\" src=\"https:\/\/sonnenschein-wohnen.de\/wp-content\/uploads\/2021\/08\/IMG_3886-1024x768.jpeg\" alt=\"\" data-id=\"79\" data-full-url=\"https:\/\/sonnenschein-wohnen.de\/wp-content\/uploads\/2021\/08\/IMG_3886-rotated.jpeg\" data-link=\"https:\/\/sonnenschein-wohnen.de\/?attachment_id=79\" class=\"wp-image-79\" srcset=\"https:\/\/sonnenschein-wohnen.de\/wp-content\/uploads\/2021\/08\/IMG_3886-1024x768.jpeg 1024w, https:\/\/sonnenschein-wohnen.de\/wp-content\/uploads\/2021\/08\/IMG_3886-300x225.jpeg 300w, https:\/\/sonnenschein-wohnen.de\/wp-content\/uploads\/2021\/08\/IMG_3886-768x576.jpeg 768w, https:\/\/sonnenschein-wohnen.de\/wp-content\/uploads\/2021\/08\/IMG_3886-rotated.jpeg 1280w\" sizes=\"auto, (max-width: 1024px) 100vw, 1024px\" \/><\/figure><\/li><li class=\"blocks-gallery-item\"><figure><img loading=\"lazy\" decoding=\"async\" width=\"1024\" height=\"768\" src=\"https:\/\/sonnenschein-wohnen.de\/wp-content\/uploads\/2021\/08\/IMG_6529-1024x768.jpeg\" alt=\"\" data-id=\"80\" data-full-url=\"https:\/\/sonnenschein-wohnen.de\/wp-content\/uploads\/2021\/08\/IMG_6529.jpeg\" data-link=\"https:\/\/sonnenschein-wohnen.de\/?attachment_id=80\" class=\"wp-image-80\" srcset=\"https:\/\/sonnenschein-wohnen.de\/wp-content\/uploads\/2021\/08\/IMG_6529-1024x768.jpeg 1024w, https:\/\/sonnenschein-wohnen.de\/wp-content\/uploads\/2021\/08\/IMG_6529-300x225.jpeg 300w, https:\/\/sonnenschein-wohnen.de\/wp-content\/uploads\/2021\/08\/IMG_6529-768x576.jpeg 768w, https:\/\/sonnenschein-wohnen.de\/wp-content\/uploads\/2021\/08\/IMG_6529.jpeg 1280w\" sizes=\"auto, (max-width: 1024px) 100vw, 1024px\" \/><\/figure><\/li><\/ul><\/figure>\n","protected":false},"excerpt":{"rendered":"<p>Ich m\u00f6chte mich mit wenigen S\u00e4tzen vorstellen und erkl\u00e4ren, worum es mir mit meiner Zimmervermietung geht. Ich habe ein abgeschlossenes Hochschulstudium in Kunst und Geschichte und die Mehrzahl meiner Arbeitsjahre als Lehrerin im Fach Lebenskunde Sch\u00fcler unterrichtet. Ich bin Mutter von drei eigenen und zwei Pflegekindern die in meinem Haushalt<a class=\"read-more\" href=\"https:\/\/sonnenschein-wohnen.de\/?page_id=76\"> ( more&#8230; )<\/a><\/p>\n","protected":false},"author":1,"featured_media":0,"parent":0,"menu_order":0,"comment_status":"closed","ping_status":"closed","template":"","meta":{"footnotes":""},"class_list":["post-76","page","type-page","status-publish","hentry"],"_links":{"self":[{"href":"https:\/\/sonnenschein-wohnen.de\/index.php?rest_route=\/wp\/v2\/pages\/76","targetHints":{"allow":["GET"]}}],"collection":[{"href":"https:\/\/sonnenschein-wohnen.de\/index.php?rest_route=\/wp\/v2\/pages"}],"about":[{"href":"https:\/\/sonnenschein-wohnen.de\/index.php?rest_route=\/wp\/v2\/types\/page"}],"author":[{"embeddable":true,"href":"https:\/\/sonnenschein-wohnen.de\/index.php?rest_route=\/wp\/v2\/users\/1"}],"replies":[{"embeddable":true,"href":"https:\/\/sonnenschein-wohnen.de\/index.php?rest_route=%2Fwp%2Fv2%2Fcomments&post=76"}],"version-history":[{"count":5,"href":"https:\/\/sonnenschein-wohnen.de\/index.php?rest_route=\/wp\/v2\/pages\/76\/revisions"}],"predecessor-version":[{"id":134,"href":"https:\/\/sonnenschein-wohnen.de\/index.php?rest_route=\/wp\/v2\/pages\/76\/revisions\/134"}],"wp:attachment":[{"href":"https:\/\/sonnenschein-wohnen.de\/index.php?rest_route=%2Fwp%2Fv2%2Fmedia&parent=76"}],"curies":[{"name":"wp","href":"https:\/\/api.w.org\/{rel}","templated":true}]}}